{"id":43,"date":"2025-09-22T07:17:27","date_gmt":"2025-09-22T07:17:27","guid":{"rendered":"https:\/\/grundschule-herresbach.de\/?page_id=43"},"modified":"2025-10-21T09:02:59","modified_gmt":"2025-10-21T09:02:59","slug":"downloadbereich","status":"publish","type":"page","link":"https:\/\/grundschule-herresbach.de\/index.php\/downloadbereich\/","title":{"rendered":"Downloadbereich"},"content":{"rendered":"<h4>Hier finden Sie aktuelle Dateien zum Download<\/h4>\n<p>&nbsp;<\/p>\n<h5>Elternbriefe:<\/h5>\n<ul>\n<li><a href=\"https:\/\/grundschule-herresbach.de\/wp-content\/uploads\/2025\/10\/Elternbrief-neues-Schj.-2025-26.pdf\">Elternbrief neues Schj. 2025 26<\/a><\/li>\n<\/ul>\n<h5>Betreuung:<\/h5>\n<ul>\n<li><a href=\"https:\/\/grundschule-herresbach.de\/wp-content\/uploads\/2025\/09\/Anmeldung_20__20SEPA.pdf\" target=\"_blank\" rel=\"noopener\">Anmeldung Betreuung<\/a><\/li>\n<li><a href=\"https:\/\/grundschule-herresbach.de\/wp-content\/uploads\/2025\/09\/Betreuungsordnung.pdf\" target=\"_blank\" rel=\"noopener\">Betreuungsordnung<\/a><\/li>\n<\/ul>\n<p>&nbsp;<\/p>\n<h5>Materiallisten:<\/h5>\n<ul>\n<li><a href=\"https:\/\/grundschule-herresbach.de\/wp-content\/uploads\/2025\/10\/Materialliste-1.-Schj.-25-26.odt\">Materialliste 1. Schj. 25 26<\/a><\/li>\n<li><a href=\"https:\/\/grundschule-herresbach.de\/wp-content\/uploads\/2025\/10\/Materialliste-2.-Schj.-25-26.odt\">Materialliste 2. Schj. 25 26<\/a><\/li>\n<li><a href=\"https:\/\/grundschule-herresbach.de\/wp-content\/uploads\/2025\/10\/Materialliste-3.-Schj.-25-26.odt\">Materialliste 3. Schj. 25 26<\/a><\/li>\n<li><a href=\"https:\/\/grundschule-herresbach.de\/wp-content\/uploads\/2025\/10\/Materialliste-4.-Schj.-25-26.odt\">Materialliste 4. Schj. 25 26<\/a><\/li>\n<\/ul>\n<h5>Fahrkartenantr\u00e4ge:<\/h5>\n<ul>\n<li><a href=\"https:\/\/formular-server.de\/RLPkom_FS\/findform?shortname=MPSISSYKVMYK_RS&amp;formtecid=3&amp;areashortname=KVMYK\" target=\"_blank\" rel=\"noopener\">Antrag_auf_\u00dcbernahme_von_Fahrtkosten<\/a><\/li>\n<\/ul>\n<p>&nbsp;<\/p>\n<h5>Dokumente:<\/h5>\n<ul>\n<li><a href=\"https:\/\/grundschule-herresbach.de\/wp-content\/uploads\/2025\/10\/Buecherei-Benutzungsordnung.pdf\">B\u00fccherei Benutzungsordnung<\/a><\/li>\n<li><a href=\"https:\/\/grundschule-herresbach.de\/wp-content\/uploads\/2025\/10\/Smartwatch-und-Handy-Ordnung-Herresbach.pdf\">Smartwatch und Handy Ordnung Herresbach<\/a><\/li>\n<li><a href=\"https:\/\/grundschule-herresbach.de\/wp-content\/uploads\/2025\/10\/Entschuldigungsvordruck.pdf\">Entschuldigungsvordruck<\/a><\/li>\n<\/ul>\n","protected":false},"excerpt":{"rendered":"<p>Hier finden Sie aktuelle Dateien zum Download &nbsp; Elternbriefe: Elternbrief neues Schj. 2025 26 Betreuung: Anmeldung Betreuung Betreuungsordnung &nbsp; Materiallisten: Materialliste 1. Schj. 25 26 Materialliste 2. Schj. 25 26 Materialliste 3. Schj. 25 26 Materialliste 4. Schj. 25 26 Fahrkartenantr\u00e4ge: Antrag_auf_\u00dcbernahme_von_Fahrtkosten &nbsp; Dokumente: B\u00fccherei Benutzungsordnung Smartwatch und Handy Ordnung Herresbach Entschuldigungsvordruck<\/p>\n","protected":false},"author":2,"featured_media":0,"parent":0,"menu_order":0,"comment_status":"closed","ping_status":"closed","template":"","meta":{"footnotes":""},"class_list":["post-43","page","type-page","status-publish","hentry"],"_links":{"self":[{"href":"https:\/\/grundschule-herresbach.de\/index.php\/wp-json\/wp\/v2\/pages\/43","targetHints":{"allow":["GET"]}}],"collection":[{"href":"https:\/\/grundschule-herresbach.de\/index.php\/wp-json\/wp\/v2\/pages"}],"about":[{"href":"https:\/\/grundschule-herresbach.de\/index.php\/wp-json\/wp\/v2\/types\/page"}],"author":[{"embeddable":true,"href":"https:\/\/grundschule-herresbach.de\/index.php\/wp-json\/wp\/v2\/users\/2"}],"replies":[{"embeddable":true,"href":"https:\/\/grundschule-herresbach.de\/index.php\/wp-json\/wp\/v2\/comments?post=43"}],"version-history":[{"count":15,"href":"https:\/\/grundschule-herresbach.de\/index.php\/wp-json\/wp\/v2\/pages\/43\/revisions"}],"predecessor-version":[{"id":188,"href":"https:\/\/grundschule-herresbach.de\/index.php\/wp-json\/wp\/v2\/pages\/43\/revisions\/188"}],"wp:attachment":[{"href":"https:\/\/grundschule-herresbach.de\/index.php\/wp-json\/wp\/v2\/media?parent=43"}],"curies":[{"name":"wp","href":"https:\/\/api.w.org\/{rel}","templated":true}]}}