{"id":41,"date":"2025-09-22T07:17:20","date_gmt":"2025-09-22T07:17:20","guid":{"rendered":"https:\/\/grundschule-herresbach.de\/?page_id=41"},"modified":"2025-09-22T09:05:21","modified_gmt":"2025-09-22T09:05:21","slug":"datenschutz","status":"publish","type":"page","link":"https:\/\/grundschule-herresbach.de\/index.php\/datenschutz\/","title":{"rendered":"Datenschutz"},"content":{"rendered":"<h2>Datenschutzbestimmungen<\/h2>\n<h4>www.grundschule-herresbach.de -Datenschutzbestimmungen<\/h4>\n<p>Einf\u00fchrung<br \/>\nIn diesen Datenschutzbestimmungen stellt die Grundschule Herresbach seine Vorgehensweise bez\u00fcglich der von Benutzern erfassten Daten, die auf unsere Webseite unter www.grundschule-herresbach.de zugreifen oder uns auf andere Weise personenbezogene Daten bereitstellen, dar.<\/p>\n<p>Benutzerrechte<br \/>\nSie haben folgende Rechte:<br \/>\n&#8211; eine Best\u00e4tigung, ob und inwieweit Ihre personenbezogenen Daten verwendet und verarbeitet werden, sowie den Zugriff auf die \u00fcber Sie gespeicherten personenbezogenen Daten und zus\u00e4tzliche Informationen anfordern<br \/>\n-eine Kopie der personenbezogenen Daten, die Sie uns freiwillig bereitgestellt haben, in einem strukturierten, g\u00e4ngigen und maschinenlesbaren Format anfordern<br \/>\n-eine Berichtigung der personenbezogenen Daten, die wir von Ihnen gespeichert haben, anfordern<br \/>\n-das L\u00f6schen Ihrer personenbezogenen Daten beantragen<br \/>\n-der Verarbeitung Ihrer personenbezogenen Daten durch uns widersprechen<br \/>\n-die Einschr\u00e4nkung der Verarbeitung Ihrer personenbezogenen Daten durch uns beantragen<br \/>\n-eine Beschwerde bei einer Aufsichtsbeh\u00f6rde einreichen<\/p>\n<p>Beachten Sie jedoch, dass diese Rechte nicht uneingeschr\u00e4nkt gelten, sondern unseren eigenen rechtm\u00e4\u00dfigen Interessen sowie beh\u00f6rdlichen Vorschriften unterliegen.<br \/>\nSpeicherung<br \/>\nWir speichern Ihre personenbezogenen Daten so lange, wie es f\u00fcr die Bereitstellung unserer Services, die Einhaltung rechtlicher Verpflichtungen sowie die Beilegung von Streitigkeiten und die Durchsetzung unserer Richtlinien erforderlich ist. Die Aufbewahrungsfristen richten sich nach der Art der erfassten Daten und dem Zweck, f\u00fcr den diese Daten erfasst wurden, wobei sowohl die fallspezifischen Gegebenheiten als auch die Notwendigkeit ber\u00fccksichtigt werden, veraltete, nicht genutzte Informationen baldm\u00f6glichst zu l\u00f6schen. Datens\u00e4tze mit personenbezogenen Daten von Kunden, Dokumente \u00fcber die Kontoeinrichtung, Mitteilungen und andere Daten speichern wir gem\u00e4\u00df geltender Gesetze und Vorschriften.<\/p>\n<p>Wir k\u00f6nnen jederzeit und in unserem alleinigen Ermessen unvollst\u00e4ndige oder unrichtige Daten korrigieren, vervollst\u00e4ndigen oder entfernen.<br \/>\nGrundlage f\u00fcr die Datenerfassung<br \/>\nDie Verarbeitung Ihrer personenbezogenen Daten (d. h. jegliche Daten, die mit vertretbaren Mitteln eine Identifizierung Ihrer Person zulassen), ist erforderlich, um unseren vertraglichen Verpflichtungen Ihnen gegen\u00fcber nachzukommen und damit wir Ihnen unsere Services bereitstellen, unser legitimes Interesse sch\u00fctzen sowie rechtlichen und finanziellen Regulierungsverpflichtungen, denen wir unterworfen sind, nachkommen k\u00f6nnen.<\/p>\n<p>Durch die Nutzung dieser Webseite stimmen Sie der Erfassung, Speicherung, Verwendung, Offenlegung und sonstigen Nutzung Ihrer personenbezogenen Daten wie in diesen Datenschutzbestimmungen beschrieben zu.<\/p>\n<p>Bitte lesen Sie sich die Datenschutzbestimmungen sorgf\u00e4ltig durch, bevor Sie Entscheidungen treffen.<\/p>\n<p>Welche Daten werden erfasst?<\/p>\n<p>Wir erfassen zwei Arten von Daten und Informationen von Benutzern.<\/p>\n<p>&nbsp;<\/p>\n<p>Zur ersten Kategorie geh\u00f6ren nicht identifizierende und nicht identifizierbare Benutzerdaten, die durch die Nutzung der Webseite bereitgestellt oder erfasst werden (\u201eNicht personenbezogene Daten\u201d). Wir kennen die Identit\u00e4t des Benutzers nicht, von dem nicht personenbezogene Daten erfasst wurden. Zu den nicht personenbezogenen Daten, die erfasst werden k\u00f6nnen, geh\u00f6ren aggregierte Nutzungsdaten und technische Daten, die von Ihrem Ger\u00e4t \u00fcbermittelt werden, einschlie\u00dflich bestimmter Informationen bez\u00fcglich Software und Hardware (z. B. auf dem Ger\u00e4t verwendeter Browser und verwendetes Betriebssystem, Spracheinstellung, Zugriffszeit usw.). Anhand dieser Daten verbessern wir die Funktionalit\u00e4t unserer Webseite. Wir k\u00f6nnen auch Daten \u00fcber Ihre Aktivit\u00e4t auf der Webseite erfassen (z. B. aufgerufene Seiten, Surfverhalten, Klicks, Aktionen usw.).<\/p>\n<p>Zur zweiten Kategorie geh\u00f6ren personenbezogene Daten , also Daten, die eine Einzelperson identifizieren oder durch angemessene Ma\u00dfnahmen identifizieren k\u00f6nnen. Zu solchen Daten geh\u00f6ren:<br \/>\nGer\u00e4tedaten: Wir erfassen personenbezogene Daten von Ihrem Ger\u00e4t. Solche Daten umfassen Geolocation-Daten, IP-Adresse, eindeutige Kennungen (z. B. MAC-Adresse und UUID) sowie andere Daten, die sich aus Ihrer Aktivit\u00e4t auf der Webseite ergeben.<br \/>\n<span style=\"color: #ff0000;\">[Hier bitte Arten der erfassten personenbezogenen Daten und entsprechende Erl\u00e4uterungen eingeben, zum Beispiel:]<\/span><br \/>\nRegistrierungsdaten: Wenn Sie sich auf unserer Webseite registrieren, werden Sie um die Angabe bestimmter Informationen gebeten, z. B.: Vor- und Nachname, E-Mail-Adresse oder Anschrift bzw. andere Information.<br \/>\nWie erhalten wir Daten \u00fcber Sie?<br \/>\nWir beziehen Ihre personenbezogenen Daten aus verschiedenen Quellen:<br \/>\nSie stellen uns solche Daten freiwillig bereit, zum Beispiel bei der Registrierung auf unserer Webseite.<br \/>\nWir erhalten solche Daten, wenn Sie unsere Webseite nutzen oder in Verbindung mit einem unserer Services darauf zugreifen.<br \/>\nWir erhalten solche Daten von anderen Anbietern, Services und aus \u00f6ffentlichen Registern (zum Beispiel von Datentraffic-Analyseanbietern).<br \/>\nWie werden die Daten genutzt?<br \/>\nDie Daten werden genutzt zur Kommunikation mit Ihnen.<br \/>\nCookies<br \/>\nF\u00fcr die Bereitstellung entsprechender Services verwenden wir und unsere Partner Cookies. Dies gilt auch, wenn Sie unsere Webseite besuchen oder auf unsere Services zugreifen.<\/p>\n<p>Bei einem \u201eCookie\u201c handelt es sich um ein kleines Datenpaket, das Ihrem Ger\u00e4t beim Besuch einer Webseite von dieser Webseite zugeordnet wird. Cookies sind n\u00fctzlich und k\u00f6nnen f\u00fcr unterschiedliche Zwecke eingesetzt werden. Dazu geh\u00f6ren z. B. die erleichterte Navigation zwischen verschiedenen Seiten, die automatische Aktivierung bestimmter Funktionen, das Speichern Ihrer Einstellungen sowie ein optimierter Zugriff auf unsere Services. Die Verwendung von Cookies erm\u00f6glicht uns au\u00dferdem, Ihnen relevante, auf Ihre Interessen abgestimmte Werbung einzublenden und statistische Informationen zu Ihrer Nutzung unserer Services zu sammeln.<\/p>\n<p>Diese Webseite verwendet folgende Arten von Cookies:<\/p>\n<p>a. \u201eSitzungscookies\u201c , die f\u00fcr eine normale Systemnutzung sorgen. Sitzungscookies werden nur f\u00fcr begrenzte Zeit w\u00e4hrend einer Sitzung gespeichert und von Ihrem Ger\u00e4t gel\u00f6scht, sobald Sie Ihren Browser schlie\u00dfen.<\/p>\n<p>b. \u201ePermanente Cookies\u201c, die nur von der Webseite gelesen und beim Schlie\u00dfen des Browserfensters nicht gel\u00f6scht, sondern f\u00fcr eine bestimmte Dauer auf Ihrem Computer gespeichert werden. Diese Art von Cookie erm\u00f6glicht uns, Sie bei Ihrem n\u00e4chsten Besuch zu identifizieren und beispielsweise Ihre Einstellungen zu speichern.<\/p>\n<p>c. \u201eDrittanbieter-Cookies\u201c , die von anderen Online-Diensten gesetzt werden, die mit eigenen Inhalten auf der von Ihnen besuchten Seite vertreten sind. Dies k\u00f6nnen z. B. externe Web-Analytics-Unternehmen sein, die den Zugriff auf unsere Webseite erfassen und analysieren.<\/p>\n<p>Cookies enthalten keine personenbezogenen Daten, die Sie identifizieren, doch die von uns gespeicherten personenbezogenen Daten werden m\u00f6glicherweise von uns mit den in den Cookies enthaltenen Daten verkn\u00fcpft. Sie k\u00f6nnen Cookies \u00fcber die Ger\u00e4teeinstellungen Ihres Ger\u00e4t entfernen. Folgen Sie dabei den entsprechenden Anweisungen. Beachten Sie, dass die Deaktivierung von Cookies zur Einschr\u00e4nkung bestimmter Funktionen bei der Nutzung unserer Webseite f\u00fchren kann.<\/p>\n<p>Das von uns verwendete Tool basiert auf der Technologie von Snowplow Analytics . Zu den von uns erfassten Daten zur Nutzung unserer Webseite geh\u00f6ren beispielsweise, wie h\u00e4ufig Benutzer die Webseite besuchen oder welche Bereiche aufgerufen werden. Das von uns verwendete Tool erfasst keine personenbezogenen Daten und wird von unserem Webhosting-Anbieter und Service-Provider ausschlie\u00dflich zur Verbesserung des eigenen Angebots verwendet.<br \/>\nVerwendung von Skriptbibliotheken (Google Web Fonts)<br \/>\nDamit unsere Inhalte in jedem Browser korrekt und grafisch ansprechend dargestellt werden, verwenden wir f\u00fcr diese Webseite Skript- und Schriftbibliotheken wie Google Web Fonts (https:\/\/www.google.com\/webfonts). Google Web Fonts werden in den Cache Ihres Browsers \u00fcbertragen, sodass sie nur einmal geladen werden m\u00fcssen. Wenn Ihr Browser Google Web Fonts nicht unterst\u00fctzt oder den Zugriff verweigert, werden die Inhalte in einer Standardschriftart dargestellt.<br \/>\nBeim Aufrufen von Skript- oder Schriftbibliotheken wir automatisch eine Verbindung zum Betreiber der Bibliothek hergestellt. Es besteht hierbei theoretisch die M\u00f6glichkeit f\u00fcr diesen Betreiber, Daten zu erfassen. Derzeit ist nicht bekannt, ob und zu welchem Zweck die Betreiber der entsprechenden Bibliotheken tats\u00e4chlich Daten erfassen.<\/p>\n<p>Hier finden Sie die Datenschutzbestimmungen des Betreibers der Google-Bibliothek: https:\/\/www.google.com\/policies\/privacy.<\/p>\n<p>Erfassung von Daten durch Dritte<\/p>\n<p>In dieser Richtlinie werden nur die Nutzung und Offenlegung von Daten, die wir von Ihnen erfassen, behandelt. Wenn Sie Daten auf anderen Webseiten ver\u00f6ffentlichen oder Dritten im Internet offenlegen, gelten m\u00f6glicherweise andere Bestimmungen. Lesen Sie sich daher die allgemeinen Gesch\u00e4ftsbedingungen und Datenschutzbestimmungen immer sorgf\u00e4ltig durch, wenn Sie Daten offenlegen.<\/p>\n<p>Diese Datenschutzbestimmungen beziehen sich nicht auf Gesch\u00e4ftspraktiken von Unternehmen, die sich nicht in unserem Besitz befinden bzw. nicht unter unserer Kontrolle stehen, oder auf andere Personen als unsere Angestellten und Mitarbeiter, einschlie\u00dflich Dritter, denen wir diese Daten wie in diesen Datenschutzbestimmungen beschrieben offenlegen.<br \/>\nWie sch\u00fctzen wir Ihre Daten?<br \/>\nWir setzen die Sicherheitsma\u00dfnahmen auf der Webseite mit gro\u00dfer Sorgfalt um und sch\u00fctzen Ihre Daten. Obwohl wir angemessene Schritte f\u00fcr den Schutz von Daten unternehmen, k\u00f6nnen wir nicht verantwortlich gemacht werden f\u00fcr Handlungen von jenen, die sich unbefugten Zugang zu unserer Webseite verschafft haben oder diese missbr\u00e4uchlich verwenden, und wir geben keine ausdr\u00fcckliche noch stillschweigende Gew\u00e4hr, dass wir einen solchen Zugriff verhindern k\u00f6nnen.<br \/>\n\u00dcbermittlung von Daten au\u00dferhalb des Europ\u00e4ischen Wirtschaftsraums<br \/>\nBeachten Sie, dass einige Empf\u00e4nger ihren Sitz m\u00f6glicherweise nicht im Europ\u00e4ischen Wirtschaftsraum haben. Ist dies der Fall, werden wir Ihre Daten nur in von der Europ\u00e4ischen Kommission genehmigte L\u00e4nder mit angemessenem Datenschutzniveau \u00fcbermitteln oder durch eine rechtliche Vereinbarung ein angemessenes Datenschutzniveau sicherstellen.<br \/>\nWerbung<br \/>\nWenn Sie auf unsere Webseite zugreifen, schalten wir m\u00f6glicherweise Anzeigen mithilfe von Anzeigentechnologie externer Anbieter. Diese Technologie verwendet f\u00fcr die Anzeigenschaltung Ihre Nutzungsdaten der Services (z. B. durch die Platzierung von Drittanbieter-Cookies in Ihrem Webbrowser).<\/p>\n<p>Sie k\u00f6nnen sich von zahlreichen Anzeigennetzwerken Dritter abmelden, auch von Netzwerken, die von Mitgliedern der Network Advertising Initiative (\u201eNAI\u201c) und der Digital Advertising Alliance (\u201eDAA\u201c) betrieben werden. Informationen \u00fcber die Vorgehensweise von NAI- und DAA-Mitgliedern, \u00fcber Ihre Optionen, die Sie bez\u00fcglich der Verwendung solcher Daten von diesen Unternehmen haben, und dar\u00fcber, wie Sie sich aus Anzeigennetzwerken Dritter, die von NAI- und DAA-Mitgliedern betrieben werden, abmelden k\u00f6nnen, finden Sie auf der jeweiligen Webseite: http:\/\/optout.networkadvertising.org\/#!\/ und http:\/\/optout.aboutads.info\/#!\/.<br \/>\nMarketing<br \/>\nWir k\u00f6nnen Ihre personenbezogenen Daten wie Ihren Namen, Ihre E-Mail-Adresse, Ihre Telefonnummer usw. selbst verwenden oder an einen externen Untervertragsnehmer weiterleiten, um Ihnen Werbematerialien bez\u00fcglich unserer Services bereitzustellen, die Sie m\u00f6glicherweise interessieren.<\/p>\n<p>Wir respektieren Ihr Recht auf Privatsph\u00e4re. Daher erhalten Sie in diesen Marketingmaterialien stets die M\u00f6glichkeit, sich von weiteren Zusendungen abzumelden. Wenn Sie sich abmelden, wird Ihre E-Mail-Adresse oder Telefonnummer aus unseren Marketing-Verteilerlisten entfernt.<\/p>\n<p>Beachten Sie, dass wir Ihnen auch nach einer Abmeldung vom Erhalt unserer Marketing-E-Mails weiterhin E-Mails mit wichtigen Informationen senden, die keine Abmeldeoption enthalten. Dazu geh\u00f6ren Wartungsmeldungen oder administrative Benachrichtigungen.<\/p>\n<p>Unternehmenstransaktion<br \/>\nWir k\u00f6nnen Daten im Fall einer Unternehmenstransaktion (z. B. beim Verkauf wesentlicher Unternehmensteile, bei einer Fusion, einer Konsolidierung oder einem Anlagenverkauf) weitergeben. Falls ein oben genannter Fall eintritt, \u00fcbernimmt der Erwerber oder das entsprechende Unternehmen die in dieser Datenschutzerkl\u00e4rung dargelegten Rechte und Pflichten.<\/p>\n<p>Minderj\u00e4hrige<br \/>\nDer Schutz der Daten von Kindern ist insbesondere im Online-Bereich sehr wichtig. Die Webseite ist nicht f\u00fcr Kinder konzipiert und richtet sich nicht an diese. Die Nutzung unserer Services durch Minderj\u00e4hrige ist nur mit der vorherigen Einwilligung oder Autorisierung von einem Elternteil oder Erziehungsberechtigten zul\u00e4ssig. Wir erfassen personenbezogene Daten von Minderj\u00e4hrigen nicht wissentlich. Wenn ein Elternteil oder Erziehungsberechtigter Kenntnis davon erlangt, dass sein oder ihr Kind uns personenbezogene Daten ohne deren Einwilligung bereitgestellt hat, kann er\/sie sich unter gs-herresbach@herresbach.net an uns wenden.<br \/>\nAktualisierungen oder \u00c4nderungen dieser Datenschutzbestimmungen<br \/>\nWir behalten uns das Recht vor, diese Datenschutzbestimmungen von Zeit zu Zeit zu \u00e4ndern oder zu pr\u00fcfen. Sie finden das Datum der aktuellen Version unter \u201eZuletzt ge\u00e4ndert am\u201c. Ihre fortgesetzte Nutzung der Plattform nach der Bekanntmachung solcher \u00c4nderungen auf unserer Webseite stellt Ihre Zustimmung zu solchen \u00c4nderungen an den Datenschutzbestimmungen dar und gilt als Ihr Einverst\u00e4ndnis der Bindung an die ge\u00e4nderten Bestimmungen.<br \/>\nSo erreichen Sie uns<br \/>\nWenden Sie sich bei allgemeinen Fragen zur Webseite, zu den von uns \u00fcber Sie erfassten Daten oder der Verwendung dieser Daten unter gs-herresbach@herresbach.net an uns.<\/p>\n<p>&nbsp;<\/p>\n<p>Zuletzt ge\u00e4ndert am 29.09.2022<\/p>\n","protected":false},"excerpt":{"rendered":"<p>Datenschutzbestimmungen www.grundschule-herresbach.de -Datenschutzbestimmungen Einf\u00fchrung In diesen Datenschutzbestimmungen stellt die Grundschule Herresbach seine Vorgehensweise bez\u00fcglich der von Benutzern erfassten Daten, die auf unsere Webseite unter www.grundschule-herresbach.de zugreifen oder uns auf andere Weise personenbezogene Daten bereitstellen, dar. Benutzerrechte Sie haben folgende Rechte: &#8211; eine Best\u00e4tigung, ob und inwieweit Ihre personenbezogenen Daten verwendet und verarbeitet werden, sowie den &hellip; <a href=\"https:\/\/grundschule-herresbach.de\/index.php\/datenschutz\/\" class=\"more-link\"><span class=\"screen-reader-text\">Datenschutz<\/span> weiterlesen <span class=\"meta-nav\">&rarr;<\/span><\/a><\/p>\n","protected":false},"author":2,"featured_media":0,"parent":0,"menu_order":0,"comment_status":"closed","ping_status":"closed","template":"","meta":{"footnotes":""},"class_list":["post-41","page","type-page","status-publish","hentry"],"_links":{"self":[{"href":"https:\/\/grundschule-herresbach.de\/index.php\/wp-json\/wp\/v2\/pages\/41","targetHints":{"allow":["GET"]}}],"collection":[{"href":"https:\/\/grundschule-herresbach.de\/index.php\/wp-json\/wp\/v2\/pages"}],"about":[{"href":"https:\/\/grundschule-herresbach.de\/index.php\/wp-json\/wp\/v2\/types\/page"}],"author":[{"embeddable":true,"href":"https:\/\/grundschule-herresbach.de\/index.php\/wp-json\/wp\/v2\/users\/2"}],"replies":[{"embeddable":true,"href":"https:\/\/grundschule-herresbach.de\/index.php\/wp-json\/wp\/v2\/comments?post=41"}],"version-history":[{"count":5,"href":"https:\/\/grundschule-herresbach.de\/index.php\/wp-json\/wp\/v2\/pages\/41\/revisions"}],"predecessor-version":[{"id":102,"href":"https:\/\/grundschule-herresbach.de\/index.php\/wp-json\/wp\/v2\/pages\/41\/revisions\/102"}],"wp:attachment":[{"href":"https:\/\/grundschule-herresbach.de\/index.php\/wp-json\/wp\/v2\/media?parent=41"}],"curies":[{"name":"wp","href":"https:\/\/api.w.org\/{rel}","templated":true}]}}