{"id":25,"date":"2025-09-22T07:14:16","date_gmt":"2025-09-22T07:14:16","guid":{"rendered":"https:\/\/grundschule-herresbach.de\/?page_id=25"},"modified":"2025-10-12T08:02:22","modified_gmt":"2025-10-12T08:02:22","slug":"aktuelles","status":"publish","type":"page","link":"https:\/\/grundschule-herresbach.de\/index.php\/startseite\/aktuelles\/","title":{"rendered":"Aktuelles"},"content":{"rendered":"<h3 class=\"western\" style=\"text-align: center;\">Vorlesetag an der Grundschule mit den Schlauf\u00fcchsen der Kinderg\u00e4rten Virneburg und Wanderath<\/h3>\n<p><img loading=\"lazy\" decoding=\"async\" class=\"wp-image-175 aligncenter\" src=\"https:\/\/grundschule-herresbach.de\/wp-content\/uploads\/2025\/10\/8a3fa793-ae08-4c73-8046-5cbe40e72c66-300x169.jpg\" alt=\"\" width=\"490\" height=\"276\" srcset=\"https:\/\/grundschule-herresbach.de\/wp-content\/uploads\/2025\/10\/8a3fa793-ae08-4c73-8046-5cbe40e72c66-300x169.jpg 300w, https:\/\/grundschule-herresbach.de\/wp-content\/uploads\/2025\/10\/8a3fa793-ae08-4c73-8046-5cbe40e72c66.jpg 640w\" sizes=\"auto, (max-width: 490px) 100vw, 490px\" \/><\/p>\n<p>Am 29. September 2025 fand an der Grundschule Herresbach ein besonderer Vorlesetag statt, denn an diesem Tag besuchten die Schlauf\u00fcchse der Kinderg\u00e4rten Virneburg und Wanderath unsere Schule und erlebten gemeinsam mit den Grundsch\u00fclern eine spannende Vorlesestunde sowie eine anschlie\u00dfende Bastelaktion.<\/p>\n<p>Unterst\u00fctzt wurden die Lehrerinnen von Frau Berens aus der gleichnamigen Buchhandlung in Adenau. Sie hatte ein Kinderbuch aus der Tafiti-Reihe im Gep\u00e4ck. Die Geschichten des kleinen, neugierigen Erdm\u00e4nnchens handeln von Abenteuern, Tierfreundschaften und der Bedeutung von Zusammenhalt. So war das Buch nicht nur spannend und unterhaltsam, sondern stellte auch die Gemeinschaft und Freundschaft in den Vordergrund.<\/p>\n<p>Die Vorlesestunde war sehr interaktiv: Die Kinder durften Fragen stellen, selbst Geschichten erz\u00e4hlen und in einer anschlie\u00dfenden Bastelaktion verschiedene Tiermasken malen und gestalten, die zu den Geschichten passten. Die \u00e4lteren Sch\u00fcler halfen dabei den Kindergartenkindern, die sichtlich begeistert waren und viele neue Eindr\u00fccke sammeln konnten.<\/p>\n<p><img loading=\"lazy\" decoding=\"async\" class=\"wp-image-176 aligncenter\" src=\"https:\/\/grundschule-herresbach.de\/wp-content\/uploads\/2025\/10\/d6946ca1-5e4d-46b8-9706-beb758517ca2-300x169.jpg\" alt=\"\" width=\"470\" height=\"265\" srcset=\"https:\/\/grundschule-herresbach.de\/wp-content\/uploads\/2025\/10\/d6946ca1-5e4d-46b8-9706-beb758517ca2-300x169.jpg 300w, https:\/\/grundschule-herresbach.de\/wp-content\/uploads\/2025\/10\/d6946ca1-5e4d-46b8-9706-beb758517ca2.jpg 640w\" sizes=\"auto, (max-width: 470px) 100vw, 470px\" \/><\/p>\n<p>Nicht nur f\u00fcr die Kindergartenkinder war es ein aufregender und lehrreicher Morgen. Sie konnten viel Neues lernen und hatten gleichzeitig Spa\u00df. Die Lehrer und Erzieher waren begeistert von der kreativen Arbeit und dankten Frau Berens f\u00fcr ihr gro\u00dfes Engagement und den Kindern f\u00fcr ihre rege Teilnahme.<\/p>\n<p>Die Tafiti-Reihe wird die Sch\u00fcler auch in Zukunft begleiten, da f\u00fcr die Sch\u00fclerb\u00fccherei &#8211; dank des F\u00f6rdervereins &#8211; einige neue B\u00fccher zu Tafiti und seinen Freunden angeschafft werden konnten. Im Dezember wird die Grundschule Herresbach au\u00dferdem im Rahmen der Schulkino-Wochen den Film zur Buchreihe ansehen. Darauf freuen sich schon jetzt bereits alle!<\/p>\n<p>&nbsp;<\/p>\n<p>&nbsp;<\/p>\n<h3 class=\"western\"><span style=\"font-family: Comic Sans MS, cursive;\"><span style=\"font-size: large;\">Besuch der Feuerwehr in der Grundschule Herresbach<\/span><\/span><\/h3>\n<p><img loading=\"lazy\" decoding=\"async\" class=\"alignnone wp-image-157\" src=\"https:\/\/grundschule-herresbach.de\/wp-content\/uploads\/2025\/10\/FullSizeRender-2-300x144.jpg\" alt=\"\" width=\"548\" height=\"263\" srcset=\"https:\/\/grundschule-herresbach.de\/wp-content\/uploads\/2025\/10\/FullSizeRender-2-300x144.jpg 300w, https:\/\/grundschule-herresbach.de\/wp-content\/uploads\/2025\/10\/FullSizeRender-2-1024x492.jpg 1024w, https:\/\/grundschule-herresbach.de\/wp-content\/uploads\/2025\/10\/FullSizeRender-2-768x369.jpg 768w, https:\/\/grundschule-herresbach.de\/wp-content\/uploads\/2025\/10\/FullSizeRender-2-1536x738.jpg 1536w, https:\/\/grundschule-herresbach.de\/wp-content\/uploads\/2025\/10\/FullSizeRender-2-2048x984.jpg 2048w\" sizes=\"auto, (max-width: 548px) 100vw, 548px\" \/><\/p>\n<p><span style=\"font-family: Comic Sans MS, cursive;\"><span style=\"font-size: large;\">Am 08. September 2025 besuchten die Feuerwehrleute der \u00f6rtlichen Feuerwehren Herresbach und Virneburg die Grundschule in Herresbach. Die Kinder der ersten bis vierten Klassen konnten an diesem Tag viel \u00fcber die Arbeit der Feuerwehr erfahren.<\/span><\/span><\/p>\n<p><span style=\"font-family: Comic Sans MS, cursive;\"><span style=\"font-size: large;\">Zun\u00e4chst wurde gemeinsam das richtige Verhalten im Brandfall ge\u00fcbt. Der ausgel\u00f6ste \u201eFeueralarm\u201c und die anschlie\u00dfende Evakuierung der Schule bis zum Sammelplatz wurde kritisch evaluiert und sollte den Sch\u00fclern vor allem die Angst vor der lauten Sirene und den uniformierten Feuerwehrleuten &#8211; teils mit Atemmasken &#8211; nehmen.<\/span><\/span><\/p>\n<p><span style=\"font-family: Comic Sans MS, cursive;\"><span style=\"font-size: large;\">Die Feuerwehr f\u00fchrte danach verschiedene praktische \u00dcbungen durch. Die Kinder durften selbst die Schl\u00e4uche ausrollen und mit diesen auf dem Schulhof spritzen. Auch einen Blick in das Feuerwehrfahrzeug und auf die dazugeh\u00f6rige Ausr\u00fcstung durften die Sch\u00fcler werfen. Das Highlight war aber sicherlich die Vorf\u00fchrung eines Wachsbrandes, der von den Feuerwehrleuten absichtlich \u201efalsch gel\u00f6scht\u201c wurde. Dabei entstand eine gro\u00dfe Stichflamme, die bei den Sch\u00fclern h\u00f6rbar f\u00fcr gro\u00dfes Erstaunen und geh\u00f6rigen Respekt vor dem Feuer sorgten.<\/span><\/span><\/p>\n<p><span style=\"font-family: Comic Sans MS, cursive;\"><span style=\"font-size: large;\">So lag an diesem Tag auch ein besonderer Fokus auf der Sicherheit. Die Feuerwehrleute erkl\u00e4rten im theoretischen Teil des Besuchs den Kindern, wie man eine Notruf korrekt absetzen und sich im Brandfall richtig verhalten sollte und welche Ma\u00dfnahmen man ergreift, um sich und andere zu sch\u00fctzen.<\/span><\/span><\/p>\n<p><span style=\"font-family: Comic Sans MS, cursive;\"><span style=\"font-size: large;\">Die Sch\u00fcler hatten viele Fragen, die die Feuerwehrleute geduldig beantworteten. Es ging um Themen wie die Ausr\u00fcstung der Feuerwehrleute, wie man kleine Br\u00e4nde l\u00f6schen kann, um die verschiedenen Einsatzm\u00f6glichkeiten und Aufgaben der Feuerwehr und wie man selbst zur Jugend-Feuerwehr kommen kann.<\/span><\/span><\/p>\n<p><span style=\"font-family: Comic Sans MS, cursive;\"><span style=\"font-size: large;\">F\u00fcr die Kinder war es ein aufregender und lehrreicher Tag. Sie konnten viel Neues lernen und hatten gleichzeitig Spa\u00df. Auch die Lehrer waren begeistert von der tollen Arbeit der \u00f6rtlichen Feuerwehrleute und m\u00f6chten auf diesem Wege noch einmal recht herzlich \u201eDanke\u201c f\u00fcr das gro\u00dfe Engagement sagen.<\/span><\/span><\/p>\n<p>&nbsp;<\/p>\n<h2><\/h2>\n<h2>K\u00e4nguru der Mathematik 2023<\/h2>\n<p><img loading=\"lazy\" decoding=\"async\" class=\"alignnone wp-image-68\" src=\"https:\/\/grundschule-herresbach.de\/wp-content\/uploads\/2025\/09\/K-C3-A4nguru2023-1920w-300x253.webp\" alt=\"\" width=\"566\" height=\"477\" srcset=\"https:\/\/grundschule-herresbach.de\/wp-content\/uploads\/2025\/09\/K-C3-A4nguru2023-1920w-300x253.webp 300w, https:\/\/grundschule-herresbach.de\/wp-content\/uploads\/2025\/09\/K-C3-A4nguru2023-1920w.webp 566w\" sizes=\"auto, (max-width: 566px) 100vw, 566px\" \/><\/p>\n<p>03.05.2023<\/p>\n<hr \/>\n<h2>Volles Haus bei Kindersitzung der Grundschule Herresbach<\/h2>\n<p><img loading=\"lazy\" decoding=\"async\" class=\"alignnone wp-image-72\" src=\"https:\/\/grundschule-herresbach.de\/wp-content\/uploads\/2025\/09\/Segellied-1920w-300x112.webp\" alt=\"\" width=\"1920\" height=\"717\" srcset=\"https:\/\/grundschule-herresbach.de\/wp-content\/uploads\/2025\/09\/Segellied-1920w-300x112.webp 300w, https:\/\/grundschule-herresbach.de\/wp-content\/uploads\/2025\/09\/Segellied-1920w-1024x382.webp 1024w, https:\/\/grundschule-herresbach.de\/wp-content\/uploads\/2025\/09\/Segellied-1920w-768x287.webp 768w, https:\/\/grundschule-herresbach.de\/wp-content\/uploads\/2025\/09\/Segellied-1920w-1536x574.webp 1536w, https:\/\/grundschule-herresbach.de\/wp-content\/uploads\/2025\/09\/Segellied-1920w.webp 1920w\" sizes=\"auto, (max-width: 1920px) 100vw, 1920px\" \/><\/p>\n<p>11.02.2023<\/p>\n<p>Das erste Mal nach vielen Jahren fand in diesem Jahr die Kindersitzung der Grundschule Herresbach wieder in der Turnhalle des SV Herresbach statt.<br \/>\nBis auf den letzten Platz war die liebevoll geschm\u00fcckte Halle besetzt. Die Kinder der Grundschule hatten in den vergangenen Wochen die gesamte Hallendekoration und f\u00fcr alle Teilnehmer Orden zum Thema \u201eMatrosen \u2013 Grundschule Herresbach auf gro\u00dfer Fahrt\u201c gebastelt.<br \/>\nEr\u00f6ffnet wurde das stimmungsvolle Programm durch den Musikverein St. Valerius aus Baar und den Einmarsch der Schulmatrosen Lena und Alexander mit ihrer Schulleiterin Frau Koch.<br \/>\nGemeinsam \u00fcbernahmen die drei die Moderation der Sitzung und stellten sich dem Publikum als Smutje der Schiffs-KOCH (Schulleiterin Frau Koch), K\u00e4pt\u00b4n Iglo (Alexander) und K\u00e4pt\u00b4n Blaub\u00e4r (Lena) vor. Damit waren die ersten Lacher garantiert.<br \/>\nBegr\u00fc\u00dfen durfte das Moderationsteam auf der B\u00fchne zahlreiche Grundsch\u00fcler mit eigenen Programmpunkten. So gab es einen wilden Piratentanz, einen Schulsketch, aber auch Akrobatik und Witze. Tosender Applaus hallte nach den Auftritten durch die Halle und manch eine Zugabe wurde gefordert.<br \/>\nIn die Pause verabschiedeten sich alle Kinder der Grundschule mit einem gemeinsamen kr\u00e4ftig geschmetterten Matrosenlied.<br \/>\nGest\u00e4rkt werden konnte sich in der passend zum Motto dekorierten Hafenkneipe \u201eZum wilden Kraken\u201c, in der der F\u00f6rderverein Kinder, Eltern und G\u00e4ste mit Getr\u00e4nken und kleinen Speisen versorgte.<br \/>\nNach der Pause ging das lustige Treiben weiter mit einem Sockentheater, B\u00e4ndert\u00e4nzen, Bodypercussion und Playbackgesang.<br \/>\nBereichert wurde das Programm zudem durch G\u00e4ste der umliegenden Karnevalsvereine. Hoch her ging es da bei den Minik\u00e4lbchen aus Kehrig mit ihrer Cowboyshow. Ganz traditionell dagegen trat die Maxigarde aus Wehr mit ihrem Gardetanz an.<br \/>\nAber auch ortsans\u00e4ssige Tanzgruppen aus Baar zeigten ihr Programm. Die \u201ePink Panther\u201c und die \u201eDancing Queens\u201c \u00fcberzeugten mit ihren t\u00e4nzerischen Leistungen und sorgten f\u00fcr gro\u00dfen Jubel und erneute Zugaberufe.<br \/>\nEin gro\u00dfes Highlight war zum Ende der Sitzung sicherlich der Auftritt der \u201eWildSisters\u201c aus Baar. Mit gro\u00dfen Augen folgten die kleinen und gro\u00dfen Zuschauer dem Showtanz der Gruppe. Die B\u00fchne war fast zu klein f\u00fcr die gro\u00dfartige Show mit ausgefallener B\u00fchnendekoration.<br \/>\nAber auch jedes tolle Fest muss einmal ein Ende haben und so bedankte sich Smutje (Schulleiterin Frau Koch) am Ende bei allen Teilnehmern, Kindern, Eltern und G\u00e4sten f\u00fcr das tolle Programm und die gro\u00dfartige Stimmung im Saal. Ein Zusatzapplaus galt Helmut Wagner der sich professionell um Technik und Musik gek\u00fcmmert hat.<br \/>\nAls \u00dcberraschungspunkt gab es zum Abschluss dann den nun fast schon traditionellen Abschlusstanz der Eltern, Lehrer und Mitarbeiter der Grundschule.<br \/>\n3x Grundschule Herresbach \u2013 Ahoi!<\/p>\n","protected":false},"excerpt":{"rendered":"<p>Vorlesetag an der Grundschule mit den Schlauf\u00fcchsen der Kinderg\u00e4rten Virneburg und Wanderath Am 29. September 2025 fand an der Grundschule Herresbach ein besonderer Vorlesetag statt, denn an diesem Tag besuchten die Schlauf\u00fcchse der Kinderg\u00e4rten Virneburg und Wanderath unsere Schule und erlebten gemeinsam mit den Grundsch\u00fclern eine spannende Vorlesestunde sowie eine anschlie\u00dfende Bastelaktion. Unterst\u00fctzt wurden die &hellip; <a href=\"https:\/\/grundschule-herresbach.de\/index.php\/startseite\/aktuelles\/\" class=\"more-link\"><span class=\"screen-reader-text\">Aktuelles<\/span> weiterlesen <span class=\"meta-nav\">&rarr;<\/span><\/a><\/p>\n","protected":false},"author":2,"featured_media":0,"parent":11,"menu_order":0,"comment_status":"closed","ping_status":"closed","template":"","meta":{"footnotes":""},"class_list":["post-25","page","type-page","status-publish","hentry"],"_links":{"self":[{"href":"https:\/\/grundschule-herresbach.de\/index.php\/wp-json\/wp\/v2\/pages\/25","targetHints":{"allow":["GET"]}}],"collection":[{"href":"https:\/\/grundschule-herresbach.de\/index.php\/wp-json\/wp\/v2\/pages"}],"about":[{"href":"https:\/\/grundschule-herresbach.de\/index.php\/wp-json\/wp\/v2\/types\/page"}],"author":[{"embeddable":true,"href":"https:\/\/grundschule-herresbach.de\/index.php\/wp-json\/wp\/v2\/users\/2"}],"replies":[{"embeddable":true,"href":"https:\/\/grundschule-herresbach.de\/index.php\/wp-json\/wp\/v2\/comments?post=25"}],"version-history":[{"count":18,"href":"https:\/\/grundschule-herresbach.de\/index.php\/wp-json\/wp\/v2\/pages\/25\/revisions"}],"predecessor-version":[{"id":177,"href":"https:\/\/grundschule-herresbach.de\/index.php\/wp-json\/wp\/v2\/pages\/25\/revisions\/177"}],"up":[{"embeddable":true,"href":"https:\/\/grundschule-herresbach.de\/index.php\/wp-json\/wp\/v2\/pages\/11"}],"wp:attachment":[{"href":"https:\/\/grundschule-herresbach.de\/index.php\/wp-json\/wp\/v2\/media?parent=25"}],"curies":[{"name":"wp","href":"https:\/\/api.w.org\/{rel}","templated":true}]}}