{"id":15,"date":"2025-09-22T07:11:57","date_gmt":"2025-09-22T07:11:57","guid":{"rendered":"https:\/\/grundschule-herresbach.de\/?page_id=15"},"modified":"2025-09-22T12:14:11","modified_gmt":"2025-09-22T12:14:11","slug":"impressum","status":"publish","type":"page","link":"https:\/\/grundschule-herresbach.de\/index.php\/impressum\/","title":{"rendered":"Impressum"},"content":{"rendered":"<p><strong>Anbieterkennung nach \u00a75 Telemediengesetz (TMG):<\/strong><\/p>\n<p>Grundschule Herresbach<br \/>\nSchulleiterin Lydia Stuntz<br \/>\nSchulstra\u00dfe 6<br \/>\nD &#8211; 56729 Herresbach<br \/>\nTel: 02656-950157<br \/>\nEmail: gs-herresbach@herresbach.net<\/p>\n<p><strong>Verantwortlich f\u00fcr den Inhalt:<\/strong><br \/>\nLydia Stuntz (Schulleiterin)<\/p>\n<p><strong>Schultr\u00e4ger:<\/strong><br \/>\nVerbandsgemeinde Vordereifel<br \/>\nKelberger Stra\u00dfe 26<br \/>\n56727 Mayen<\/p>\n","protected":false},"excerpt":{"rendered":"<p>Anbieterkennung nach \u00a75 Telemediengesetz (TMG): Grundschule Herresbach Schulleiterin Lydia Stuntz Schulstra\u00dfe 6 D &#8211; 56729 Herresbach Tel: 02656-950157 Email: gs-herresbach@herresbach.net Verantwortlich f\u00fcr den Inhalt: Lydia Stuntz (Schulleiterin) Schultr\u00e4ger: Verbandsgemeinde Vordereifel Kelberger Stra\u00dfe 26 56727 Mayen<\/p>\n","protected":false},"author":2,"featured_media":0,"parent":0,"menu_order":0,"comment_status":"closed","ping_status":"closed","template":"","meta":{"footnotes":""},"class_list":["post-15","page","type-page","status-publish","hentry"],"_links":{"self":[{"href":"https:\/\/grundschule-herresbach.de\/index.php\/wp-json\/wp\/v2\/pages\/15","targetHints":{"allow":["GET"]}}],"collection":[{"href":"https:\/\/grundschule-herresbach.de\/index.php\/wp-json\/wp\/v2\/pages"}],"about":[{"href":"https:\/\/grundschule-herresbach.de\/index.php\/wp-json\/wp\/v2\/types\/page"}],"author":[{"embeddable":true,"href":"https:\/\/grundschule-herresbach.de\/index.php\/wp-json\/wp\/v2\/users\/2"}],"replies":[{"embeddable":true,"href":"https:\/\/grundschule-herresbach.de\/index.php\/wp-json\/wp\/v2\/comments?post=15"}],"version-history":[{"count":10,"href":"https:\/\/grundschule-herresbach.de\/index.php\/wp-json\/wp\/v2\/pages\/15\/revisions"}],"predecessor-version":[{"id":144,"href":"https:\/\/grundschule-herresbach.de\/index.php\/wp-json\/wp\/v2\/pages\/15\/revisions\/144"}],"wp:attachment":[{"href":"https:\/\/grundschule-herresbach.de\/index.php\/wp-json\/wp\/v2\/media?parent=15"}],"curies":[{"name":"wp","href":"https:\/\/api.w.org\/{rel}","templated":true}]}}